{"id":62,"date":"2021-01-31T17:09:38","date_gmt":"2021-01-31T17:09:38","guid":{"rendered":"https:\/\/www.pablocarulla.com\/?page_id=62"},"modified":"2021-02-10T11:13:44","modified_gmt":"2021-02-10T11:13:44","slug":"planes-de-autoproteccion","status":"publish","type":"page","link":"https:\/\/www.pablocarulla.com\/index.php\/planes-de-autoproteccion\/","title":{"rendered":"Planes de Autoprotecci\u00f3n"},"content":{"rendered":"\n<figure class=\"wp-block-image size-large is-resized\"><img loading=\"lazy\" decoding=\"async\" src=\"https:\/\/www.pablocarulla.com\/wp-content\/uploads\/2021\/02\/bombers.jpg\" alt=\"\" class=\"wp-image-122\" width=\"1017\" height=\"313\" srcset=\"https:\/\/www.pablocarulla.com\/wp-content\/uploads\/2021\/02\/bombers.jpg 960w, https:\/\/www.pablocarulla.com\/wp-content\/uploads\/2021\/02\/bombers-300x93.jpg 300w, https:\/\/www.pablocarulla.com\/wp-content\/uploads\/2021\/02\/bombers-768x237.jpg 768w\" sizes=\"auto, (max-width: 1017px) 100vw, 1017px\" \/><\/figure>\n\n\n\n<p><\/p>\n\n\n\n<p><strong>Son&nbsp;los planes de seguridad de protecci\u00f3n civil asociados a alguna actividad, centro o instalaci\u00f3n concretos est\u00e1n regidos a nivel estatal por la NBA (Normativa b\u00e1sica de autoprotecci\u00f3n) ya nivel auton\u00f3mico, en Catalu\u00f1a, por el Decreto&nbsp;30\/2015.&nbsp;Estas normativas requieren la redacci\u00f3n de un Plan de Autoprotecci\u00f3n.&nbsp;El objetivo es minimizar los da\u00f1os personales y materiales en caso de emergencia&nbsp;integr\u00e1ndose en planes de \u00e1mbito&nbsp;superior.&nbsp;Tener conocimiento de los posibles riesgos, de qu\u00e9 medios se dispone para hacer frente y c\u00f3mo se organiza el personal para gestionar la situaci\u00f3n de manera eficaz mientras llegan los equipos de ayuda externa.<\/strong><\/p>\n\n\n\n<h3 class=\"wp-block-heading\"><em><strong>\u00bfQui\u00e9n necesita un PAU?<\/strong><\/em><\/h3>\n\n\n\n<p><strong>Las personas, empresas, entidades y organismos que realizan actividades que pueden generar situaciones de grave riesgo colectivo, as\u00ed como las actividades, los centros y las instalaciones que pueden resultar afectados de manera especialmente grave para estas situaciones, son&nbsp;&nbsp;&nbsp;obligados a adoptar medidas de autoprotecci\u00f3n,&nbsp;ya mantener los medios personales y materiales necesarios para afrontar situaciones de riesgo y&nbsp;de&nbsp;emergencia.<\/strong><\/p>\n\n\n\n<p><strong>Encontrar\u00e1 la lista de actividades afectadas en el <a href=\"https:\/\/portaljuridic.gencat.cat\/ca\/pjur_ocults\/pjur_resultats_fitxa\/?action=fitxa&amp;mode=single&amp;documentId=686710&amp;language=ca_ES\">Decreto 30\/2015<\/a>&nbsp;<\/strong><\/p>\n\n\n\n<h3 class=\"wp-block-heading\"><strong><em>Si la actividad que quiero desarrollar no est\u00e1\u00a0afectada<\/em><\/strong><\/h3>\n\n\n\n<p><strong>Si la actividad no se encuentra dentro de la lista del Decreto 30\/2015, la responsabilidad para con los trabajadores y las instalaciones&nbsp;deber\u00eda impulsar la elaboraci\u00f3n de un Plan de Emergencias<\/strong><\/p>\n\n\n\n<p><strong>El Plan de&nbsp;Emergencias&nbsp;es la planificaci\u00f3n y organizaci\u00f3n&nbsp;del equipo humano&nbsp;para la&nbsp;optimizaci\u00f3n del tiempo y la utilizaci\u00f3n&nbsp;medios&nbsp;previstos para&nbsp;reducir&nbsp;&nbsp;&nbsp;las posibles consecuencias&nbsp;de una&nbsp;situaci\u00f3n de emergencia.<\/strong><\/p>\n\n\n\n<h3 class=\"wp-block-heading\"><strong><em>\u00bfQu\u00e9 debo hacer?<\/em><\/strong><\/h3>\n\n\n\n<p><strong>Una vez elabora&nbsp;t&nbsp;el PAU, se debe realizar la implantaci\u00f3n.&nbsp;Refiri\u00e9ndose a la instalaci\u00f3n de todos los&nbsp;medios definidos en el documento, realizando la formaci\u00f3n de los equipos de emergencia y la realizaci\u00f3n de simulacros.<\/strong><\/p>\n\n\n\n<p><strong>Los simulacros son de vital importancia para detectar defectos en la instalaci\u00f3n y posibles ineficacias del protocolo de actuaci\u00f3n.<\/strong><\/p>\n\n\n\n<figure class=\"wp-block-image size-large is-resized\"><img loading=\"lazy\" decoding=\"async\" src=\"https:\/\/www.pablocarulla.com\/wp-content\/uploads\/2021\/02\/mossos.jpg\" alt=\"\" class=\"wp-image-119\" width=\"1023\" height=\"315\" srcset=\"https:\/\/www.pablocarulla.com\/wp-content\/uploads\/2021\/02\/mossos.jpg 960w, https:\/\/www.pablocarulla.com\/wp-content\/uploads\/2021\/02\/mossos-300x93.jpg 300w, https:\/\/www.pablocarulla.com\/wp-content\/uploads\/2021\/02\/mossos-768x237.jpg 768w\" sizes=\"auto, (max-width: 1023px) 100vw, 1023px\" \/><\/figure>\n\n\n\n<p><\/p>\n","protected":false},"excerpt":{"rendered":"<p>Son&nbsp;los planes de seguridad de protecci\u00f3n civil asociados a alguna<span class=\"more-button\"><a href=\"https:\/\/www.pablocarulla.com\/index.php\/planes-de-autoproteccion\/\" class=\"more-link\">Seguir leyendo<span class=\"screen-reader-text\">Planes de Autoprotecci\u00f3n<\/span><\/a><\/span><\/p>\n","protected":false},"author":1,"featured_media":0,"parent":0,"menu_order":0,"comment_status":"closed","ping_status":"closed","template":"","meta":{"footnotes":""},"class_list":["post-62","page","type-page","status-publish","hentry"],"_links":{"self":[{"href":"https:\/\/www.pablocarulla.com\/index.php\/wp-json\/wp\/v2\/pages\/62","targetHints":{"allow":["GET"]}}],"collection":[{"href":"https:\/\/www.pablocarulla.com\/index.php\/wp-json\/wp\/v2\/pages"}],"about":[{"href":"https:\/\/www.pablocarulla.com\/index.php\/wp-json\/wp\/v2\/types\/page"}],"author":[{"embeddable":true,"href":"https:\/\/www.pablocarulla.com\/index.php\/wp-json\/wp\/v2\/users\/1"}],"replies":[{"embeddable":true,"href":"https:\/\/www.pablocarulla.com\/index.php\/wp-json\/wp\/v2\/comments?post=62"}],"version-history":[{"count":13,"href":"https:\/\/www.pablocarulla.com\/index.php\/wp-json\/wp\/v2\/pages\/62\/revisions"}],"predecessor-version":[{"id":142,"href":"https:\/\/www.pablocarulla.com\/index.php\/wp-json\/wp\/v2\/pages\/62\/revisions\/142"}],"wp:attachment":[{"href":"https:\/\/www.pablocarulla.com\/index.php\/wp-json\/wp\/v2\/media?parent=62"}],"curies":[{"name":"wp","href":"https:\/\/api.w.org\/{rel}","templated":true}]}}